{"id":274,"date":"2024-08-19T14:47:12","date_gmt":"2024-08-19T14:47:12","guid":{"rendered":"https:\/\/tcschwadermuehle.de\/?page_id=274"},"modified":"2024-08-19T15:18:58","modified_gmt":"2024-08-19T15:18:58","slug":"impresum","status":"publish","type":"page","link":"https:\/\/tcschwadermuehle.de\/?page_id=274","title":{"rendered":"Impressum"},"content":{"rendered":"\n<p>Tennis-Center-Schwaderm\u00fchle UG (haftungsbeschr\u00e4nkt)<br>Schwaderm\u00fchlstra\u00dfe 12<br>90556 Cadolzburg<\/p>\n\n\n\n<p><br>Handelsregister: HRB 20294<br>Registergericht: Amtsgericht F\u00fcrth<\/p>\n\n\n\n<p><br>Vertreten durch:<br>Patrick Pr\u00f6ll<br>Georg Rac<\/p>\n\n\n\n<p><br>Redaktionell verantwortlich<br>Patrick Pr\u00f6ll<br>E-Mail: proellpatrick@tcschwadermuehle.com<br><\/p>\n\n\n\n<p><br>EU-Streitschlichtung<br>Die Europ\u00e4ische Kommission stellt eine Plattform zur Online-Streitbeilegung (OS) bereit:<br><a href=\"https:\/\/ec.europa.eu\/consumers\/odr\/\">https:\/\/ec.europa.eu\/consumers\/odr\/<\/a>.<\/p>\n","protected":false},"excerpt":{"rendered":"<p>Tennis-Center-Schwaderm\u00fchle UG (haftungsbeschr\u00e4nkt)Schwaderm\u00fchlstra\u00dfe 1290556 Cadolzburg Handelsregister: HRB 20294Registergericht: Amtsgericht F\u00fcrth Vertreten durch:Patrick Pr\u00f6llGeorg Rac Redaktionell verantwortlichPatrick Pr\u00f6llE-Mail: proellpatrick@tcschwadermuehle.com EU-StreitschlichtungDie Europ\u00e4ische Kommission stellt eine Plattform zur Online-Streitbeilegung (OS) bereit:https:\/\/ec.europa.eu\/consumers\/odr\/.<\/p>\n","protected":false},"author":2,"featured_media":0,"parent":0,"menu_order":0,"comment_status":"closed","ping_status":"closed","template":"","meta":{"footnotes":""},"class_list":["post-274","page","type-page","status-publish","hentry"],"_links":{"self":[{"href":"https:\/\/tcschwadermuehle.de\/index.php?rest_route=\/wp\/v2\/pages\/274","targetHints":{"allow":["GET"]}}],"collection":[{"href":"https:\/\/tcschwadermuehle.de\/index.php?rest_route=\/wp\/v2\/pages"}],"about":[{"href":"https:\/\/tcschwadermuehle.de\/index.php?rest_route=\/wp\/v2\/types\/page"}],"author":[{"embeddable":true,"href":"https:\/\/tcschwadermuehle.de\/index.php?rest_route=\/wp\/v2\/users\/2"}],"replies":[{"embeddable":true,"href":"https:\/\/tcschwadermuehle.de\/index.php?rest_route=%2Fwp%2Fv2%2Fcomments&post=274"}],"version-history":[{"count":3,"href":"https:\/\/tcschwadermuehle.de\/index.php?rest_route=\/wp\/v2\/pages\/274\/revisions"}],"predecessor-version":[{"id":286,"href":"https:\/\/tcschwadermuehle.de\/index.php?rest_route=\/wp\/v2\/pages\/274\/revisions\/286"}],"wp:attachment":[{"href":"https:\/\/tcschwadermuehle.de\/index.php?rest_route=%2Fwp%2Fv2%2Fmedia&parent=274"}],"curies":[{"name":"wp","href":"https:\/\/api.w.org\/{rel}","templated":true}]}}