{"id":35,"date":"2023-10-11T08:30:12","date_gmt":"2023-10-11T08:30:12","guid":{"rendered":"https:\/\/tcschwadermuehle.de\/?page_id=35"},"modified":"2023-10-11T09:24:09","modified_gmt":"2023-10-11T09:24:09","slug":"kontaktdaten","status":"publish","type":"page","link":"https:\/\/tcschwadermuehle.de\/?page_id=35","title":{"rendered":"Kontaktdaten"},"content":{"rendered":"\n<p>Tennis-Center-Schwaderm\u00fchle                                                     <\/p>\n\n\n\n<p>Schwaderm\u00fchlstra\u00dfe 12                                                            <\/p>\n\n\n\n<p>90556 Cadolzburg                                                                       <\/p>\n\n\n\n<p><\/p>\n\n\n\n<div class=\"wp-block-group\"><div class=\"wp-block-group__inner-container is-layout-constrained wp-block-group-is-layout-constrained\">\n<p>Patrick Pr\u00f6ll<\/p>\n\n\n\n<p>Mail to: <a href=\"mailto:proellpatrick@tcschwadermuehle.com\">proellpatrick@tcschwadermuehle.com<\/a><\/p>\n\n\n\n<p> Tel: +49 162 627 4022<\/p>\n<\/div><\/div>\n","protected":false},"excerpt":{"rendered":"<p>Tennis-Center-Schwaderm\u00fchle Schwaderm\u00fchlstra\u00dfe 12 90556 Cadolzburg Patrick Pr\u00f6ll Mail to: proellpatrick@tcschwadermuehle.com Tel: +49 162 627 4022<\/p>\n","protected":false},"author":2,"featured_media":0,"parent":0,"menu_order":0,"comment_status":"closed","ping_status":"closed","template":"","meta":{"footnotes":""},"class_list":["post-35","page","type-page","status-publish","hentry"],"_links":{"self":[{"href":"https:\/\/tcschwadermuehle.de\/index.php?rest_route=\/wp\/v2\/pages\/35","targetHints":{"allow":["GET"]}}],"collection":[{"href":"https:\/\/tcschwadermuehle.de\/index.php?rest_route=\/wp\/v2\/pages"}],"about":[{"href":"https:\/\/tcschwadermuehle.de\/index.php?rest_route=\/wp\/v2\/types\/page"}],"author":[{"embeddable":true,"href":"https:\/\/tcschwadermuehle.de\/index.php?rest_route=\/wp\/v2\/users\/2"}],"replies":[{"embeddable":true,"href":"https:\/\/tcschwadermuehle.de\/index.php?rest_route=%2Fwp%2Fv2%2Fcomments&post=35"}],"version-history":[{"count":4,"href":"https:\/\/tcschwadermuehle.de\/index.php?rest_route=\/wp\/v2\/pages\/35\/revisions"}],"predecessor-version":[{"id":61,"href":"https:\/\/tcschwadermuehle.de\/index.php?rest_route=\/wp\/v2\/pages\/35\/revisions\/61"}],"wp:attachment":[{"href":"https:\/\/tcschwadermuehle.de\/index.php?rest_route=%2Fwp%2Fv2%2Fmedia&parent=35"}],"curies":[{"name":"wp","href":"https:\/\/api.w.org\/{rel}","templated":true}]}}